{"id":421,"date":"2023-07-13T08:15:32","date_gmt":"2023-07-13T08:15:32","guid":{"rendered":"http:\/\/cervesesponent.com.s111-117.furanet.com\/?page_id=421"},"modified":"2023-07-13T08:16:24","modified_gmt":"2023-07-13T08:16:24","slug":"politica-de-cookies","status":"publish","type":"page","link":"https:\/\/www.cervesesponent.com\/ca\/politica-de-cookies\/","title":{"rendered":"Pol\u00edtica de cookies"},"content":{"rendered":"<div data-elementor-type=\"wp-page\" data-elementor-id=\"421\" class=\"elementor elementor-421\" data-elementor-post-type=\"page\">\n\t\t\t\t\t\t<section class=\"elementor-section elementor-top-section elementor-element elementor-element-38a2daf8 elementor-section-boxed elementor-section-height-default elementor-section-height-default\" data-id=\"38a2daf8\" data-element_type=\"section\">\n\t\t\t\t\t\t<div class=\"elementor-container elementor-column-gap-default\">\n\t\t\t\t\t<div class=\"elementor-column elementor-col-100 elementor-top-column elementor-element elementor-element-605ad18c\" data-id=\"605ad18c\" data-element_type=\"column\">\n\t\t\t<div class=\"elementor-widget-wrap elementor-element-populated\">\n\t\t\t\t\t\t\t<\/div>\n\t\t<\/div>\n\t\t\t\t\t<\/div>\n\t\t<\/section>\n\t\t\t\t<section class=\"elementor-section elementor-top-section elementor-element elementor-element-276fba6 elementor-section-boxed elementor-section-height-default elementor-section-height-default\" data-id=\"276fba6\" data-element_type=\"section\">\n\t\t\t\t\t\t<div class=\"elementor-container elementor-column-gap-default\">\n\t\t\t\t\t<div class=\"elementor-column elementor-col-100 elementor-top-column elementor-element elementor-element-55b69cfb\" data-id=\"55b69cfb\" data-element_type=\"column\">\n\t\t\t<div class=\"elementor-widget-wrap elementor-element-populated\">\n\t\t\t\t\t\t<div class=\"elementor-element elementor-element-2127a28 de_scroll_animation_no elementor-widget elementor-widget-text-editor\" data-id=\"2127a28\" data-element_type=\"widget\" data-widget_type=\"text-editor.default\">\n\t\t\t\t<div class=\"elementor-widget-container\">\n\t\t\t\t\t\t\t\t\t<p><strong>Nombre del dominio<\/strong>: cervesesponent.com<\/p><p><strong>Denominaci\u00f3n Social<\/strong>: Cerveses Ponent SL<\/p><p><strong>Domicilio Social<\/strong>: C\/ Sant Miquel, 14 &#8211; 25739 Ser\u00f3 (Lleida)<\/p><p><strong>NIF<\/strong>: B25748716<\/p><p><strong>Tel\u00e8fon<\/strong>: 679.229.001<\/p><p><strong>Correo electr\u00f3nico<\/strong>: info@cervesesponent.com<\/p><ol><li><strong><u>\u00bfQU\u00c9 SON LAS COOKIES?<\/u><\/strong><\/li><\/ol><p>Una cookie es un fichero que se descarga en su ordenador al acceder a determinadas p\u00e1ginas web. Las cookies permiten a una p\u00e1gina web, entre otras cosas, almacenar y recuperar informaci\u00f3n sobre los h\u00e1bitos de navegaci\u00f3n de un usuario o de su equipo y, dependiendo de la informaci\u00f3n que contengan y de la forma en que utilice su equipo, pueden utilizarse para reconocer al usuario.<\/p><ol start=\"2\"><li><strong><u>TIPOS DE COOKIES<\/u><\/strong><\/li><\/ol><p>Seg\u00fan la entidad que gestione el equipo o dominio desde donde se env\u00edan las cookies y trate los datos que se obtengan, podemos distinguir:<\/p><ul><li><strong>Cookies propias<\/strong>: Son aqu\u00e9llas que se env\u00edan al equipo terminal del usuario desde un equipo o dominio gestionado por el propio editor y desde el que se presta el servicio solicitado por el usuario. Son llamadas tambi\u00e9n cookies de primera parte.<\/li><li><strong>Cookies de tercero<\/strong>: Son aqu\u00e9llas que se env\u00edan al equipo terminal del usuario desde un equipo o dominio que no es gestionado por el editor, sino por otra entidad que trata los datos obtenidos a trav\u00e9s de las cookies. Son llamadas tambi\u00e9n cookies de tercera parte.<\/li><\/ul><p>En el caso de que las cookies sean instaladas desde un equipo o dominio gestionado por el propio editor pero la informaci\u00f3n que se recoja mediante \u00e9stas sea gestionada por un tercero, son consideradas como cookies de tercero.<\/p><p>Seg\u00fan el plazo de tiempo que permanecen activadas en el equipo terminal podemos distinguir:<\/p><ul><li><strong>Cookies de sesi\u00f3n<\/strong>: Son un tipo de cookies dise\u00f1adas para recabar y almacenar datos mientras el usuario accede a una p\u00e1gina web. Se suelen emplear para almacenar informaci\u00f3n que solo interesa conservar para la prestaci\u00f3n del servicio solicitado por el usuario en una sola ocasi\u00f3n (por ejemplo: una lista de productos adquiridos). Estas cookies se borran autom\u00e1ticamente cuando el usuario cierra su navegador.<\/li><li><strong>Cookies persistentes<\/strong>: Son un tipo de cookies en el que los datos siguen almacenados en el terminal y pueden ser accedidos y tratados durante un per\u00edodo definido por el responsable de la cookie, y que puede ir desde unos minutos a varios a\u00f1os.<\/li><\/ul><p>Seg\u00fan la finalidad para la que se traten los datos obtenidos a trav\u00e9s de las cookies, podemos distinguir entre:<\/p><ul><li><strong>Cookies t\u00e9cnicas<\/strong>: Son aqu\u00e9llas que permiten al usuario la navegaci\u00f3n a trav\u00e9s de una p\u00e1gina web, plataforma o aplicaci\u00f3n y la utilizaci\u00f3n de las diferentes opciones o servicios que en ella existan como, por ejemplo, controlar el tr\u00e1fico y la comunicaci\u00f3n de datos, identificar la sesi\u00f3n, acceder a partes de acceso restringido, recordar los elementos que integran un pedido, utilizar elementos de seguridad durante la navegaci\u00f3n o compartir contenidos a trav\u00e9s de redes sociales.<strong>\u00a0<\/strong><\/li><\/ul><ul><li><strong>Cookies de personalizaci\u00f3n<\/strong>: Son aqu\u00e9llas que permiten al usuario acceder al servicio con algunas caracter\u00edsticas de car\u00e1cter general predefinidas en funci\u00f3n de una serie de criterios en el terminal del usuario como por ejemplo ser\u00edan el idioma, el tipo de navegador a trav\u00e9s del cual accede al servicio, la configuraci\u00f3n regional desde donde accede al servicio, etc.<\/li><\/ul><ul><li><strong>Cookies de an\u00e1lisis<\/strong>: Son aqu\u00e9llas que permiten al responsable de las mismas, el seguimiento y an\u00e1lisis del comportamiento de los usuarios de los sitios web a los que est\u00e1n vinculadas. La informaci\u00f3n recogida mediante este tipo de cookies se utiliza en la medici\u00f3n de la actividad de los sitios web, aplicaci\u00f3n o plataforma y para la elaboraci\u00f3n de perfiles de navegaci\u00f3n de los usuarios de dichos sitios, aplicaciones y plataformas, con el fin de introducir mejoras en funci\u00f3n del an\u00e1lisis de los datos de uso que hacen los usuarios del servicio.<\/li><\/ul><ul><li><strong>Cookies publicitarias<\/strong>: Son aqu\u00e9llas que permiten la gesti\u00f3n, de la forma m\u00e1s eficaz posible, de los espacios publicitarios que, en su caso, el editor haya incluido en una p\u00e1gina web, aplicaci\u00f3n o plataforma desde la que presta el servicio solicitado en base a criterios como el contenido editado o la frecuencia en la que se muestran los anuncios.<\/li><\/ul><ul><li><strong>Cookies de publicidad comportamental<\/strong>: Son aqu\u00e9llas que permiten la gesti\u00f3n, de la forma m\u00e1s eficaz posible, de los espacios publicitarios que, en su caso, el editor haya incluido en una p\u00e1gina web, aplicaci\u00f3n o plataforma desde la que presta el servicio solicitado. Estas cookies almacenan informaci\u00f3n del comportamiento de los usuarios obtenida a trav\u00e9s de la observaci\u00f3n continuada de sus h\u00e1bitos de navegaci\u00f3n, lo que permite desarrollar un perfil espec\u00edfico para mostrar publicidad en funci\u00f3n de ello.<\/li><\/ul><ol start=\"3\"><li><strong><u>COOKIES UTILIZADAS<\/u><\/strong><\/li><\/ol><p>En el siguiente cuadro se identifican todas las cookies utilizadas en este sitio web, indicando su finalidad concreta y si la informaci\u00f3n obtenida por las cookies es tratada por el editor y\/o tambi\u00e9n por terceros con los que el editor ha contratado la prestaci\u00f3n de un servicio para el cual requiere el uso de cookies, con identificaci\u00f3n de estos \u00faltimos.<\/p><table><tbody><tr><td width=\"105\"><strong>Dominio<\/strong><\/td><td width=\"53\"><strong>Nombre cookie<\/strong><\/td><td width=\"85\"><strong>Primera \/ Tercera parte<\/strong><\/td><td width=\"68\"><strong>Sesi\u00f3n \/ Persistente<\/strong><\/td><td width=\"74\"><strong>Per\u00edodo de conservaci\u00f3n<\/strong><\/td><td width=\"196\"><strong>Finalidad<\/strong><\/td><\/tr><tr><td width=\"105\">.cervesesponent.com<\/td><td width=\"53\">_ga<\/td><td width=\"85\">Tercera<\/td><td width=\"68\">Persistente<\/td><td width=\"74\">2 a\u00f1os<\/td><td width=\"196\">Se usa para distinguir a los usuarios en Google Analytics.<\/td><\/tr><tr><td width=\"105\">\u00a0<\/td><td width=\"53\">\u00a0<\/td><td width=\"85\">\u00a0<\/td><td width=\"68\">\u00a0<\/td><td width=\"74\">\u00a0<\/td><td width=\"196\">\u00a0<\/td><\/tr><\/tbody><\/table><p>\u00a0<\/p><ol start=\"4\"><li><strong><u>DESACTIVACI\u00d3N O ELIMINACI\u00d3N DE LAS COOKIES<\/u><\/strong><\/li><\/ol><p>Las cookies instaladas en su equipo las puede permitir, bloquear o eliminar mediante la configuraci\u00f3n de las opciones del navegador instalado en su equipo.<\/p><p>El navegador se puede configurar para que avise en pantalla la recepci\u00f3n de nuevas cookies y para impedir su instalaci\u00f3n.<\/p><p>El usuario puede revocar el consentimiento prestado cuando se instalaron las cookies y eliminarlas.<\/p><p>Cada navegador se puede configurar aceptando o rechazando todas las cookies, o bien seleccionado aquellas cuya instalaci\u00f3n admite y cu\u00e1les no.<\/p><p>Los enlaces a las p\u00e1ginas en las que se informa c\u00f3mo configurar los principales navegadores son los siguientes:<\/p><ul><li>Microsoft Explorer:<\/li><\/ul><p><a href=\"http:\/\/windows.microsoft.com\/es-es\/internet-explorer\/ie-security-privacy-settings#ie=ie-11\">http:\/\/windows.microsoft.com\/es-es\/internet-explorer\/ie-security-privacy-settings#ie=ie-11<\/a><\/p><ul><li>Mozilla Firefox:<\/li><\/ul><p><a href=\"http:\/\/support.mozilla.org\/es\/kb\/cookies-informacion-que-los-sitios-web-guardan-en-?redirectlocale=en-US&amp;redirectslug=Cookies\">http:\/\/support.mozilla.org\/es\/kb\/cookies-informacion-que-los-sitios-web-guardan-en-?redirectlocale=en-US&amp;redirectslug=Cookies<\/a><\/p><ul><li>Google Chrome:<\/li><\/ul><p><a href=\"https:\/\/support.google.com\/chrome\/answer\/95647?hl=es\">https:\/\/support.google.com\/chrome\/answer\/95647?hl=es<\/a><\/p><ul><li>Safari:<\/li><\/ul><p><a href=\"http:\/\/support.apple.com\/kb\/HT1677?viewlocale=es_ES&amp;locale=es_ES\">http:\/\/support.apple.com\/kb\/HT1677?viewlocale=es_ES&amp;locale=es_ES<\/a><\/p><p>El \u201cComplemento de inhabilitaci\u00f3n para navegadores de Google Analytics\u201d a trav\u00e9s de cuyas instrucciones pueden rechazarse las cookies anal\u00edticas de dicho servicio en todos los navegadores, se puede obtener a trav\u00e9s del enlace\u00a0<a href=\"https:\/\/tools.google.com\/dlpage\/gaoptout\">https:\/\/tools.google.com\/dlpage\/gaoptou<\/a><\/p><p>En la siguiente p\u00e1gina se puede consultar la pol\u00edtica de privacidad de Google:<\/p><p><a href=\"http:\/\/www.google.es\/intl\/es\/policies\/privacy\">http:\/\/www.google.es\/intl\/es\/policies\/privacy<\/a><\/p><p>En la siguiente p\u00e1gina se puede consultar c\u00f3mo utiliza Google las cookies:<\/p><p><a href=\"http:\/\/www.google.com\/intl\/es\/policies\/technologies\/cookies\/\">http:\/\/www.google.com\/intl\/es\/policies\/technologies\/cookies\/<\/a><\/p><p>En la siguiente p\u00e1gina se puede consultar qu\u00e9 tipos de cookies utiliza Google:<\/p><p><a href=\"http:\/\/www.google.com\/intl\/es\/policies\/technologies\/types\/\">http:\/\/www.google.com\/intl\/es\/policies\/technologies\/types\/<\/a><\/p>\t\t\t\t\t\t\t\t<\/div>\n\t\t\t\t<\/div>\n\t\t\t\t\t<\/div>\n\t\t<\/div>\n\t\t\t\t\t<\/div>\n\t\t<\/section>\n\t\t\t\t<\/div>","protected":false},"excerpt":{"rendered":"<p>Nombre del dominio: cervesesponent.com Denominaci\u00f3n Social: Cerveses Ponent SL Domicilio Social: C\/ Sant Miquel, 14 &#8211; 25739 Ser\u00f3 (Lleida) NIF: B25748716 Tel\u00e9fono: 679.229.001 Correo electr\u00f3nico: info@cervesesponent.com \u00bfQU\u00c9 SON LAS COOKIES? Una cookie es un fichero que se descarga en su ordenador al acceder a determinadas p\u00e1ginas web. Las cookies permiten a una p\u00e1gina web, entre&hellip;&nbsp;<a href=\"https:\/\/www.cervesesponent.com\/ca\/politica-de-cookies\/\" rel=\"bookmark\">Llegiu m\u00e9s &raquo;<span class=\"screen-reader-text\">Pol\u00edtica de cookies<\/span><\/a><\/p>","protected":false},"author":6,"featured_media":0,"parent":0,"menu_order":0,"comment_status":"closed","ping_status":"closed","template":"page-templates\/template-pagebuilder-full-width.php","meta":{"neve_meta_sidebar":"","neve_meta_container":"","neve_meta_enable_content_width":"off","neve_meta_content_width":100,"neve_meta_title_alignment":"","neve_meta_author_avatar":"","neve_post_elements_order":"","neve_meta_disable_header":"","neve_meta_disable_footer":"","neve_meta_disable_title":"","footnotes":""},"class_list":["post-421","page","type-page","status-publish","hentry"],"aioseo_notices":[],"_links":{"self":[{"href":"https:\/\/www.cervesesponent.com\/ca\/wp-json\/wp\/v2\/pages\/421","targetHints":{"allow":["GET"]}}],"collection":[{"href":"https:\/\/www.cervesesponent.com\/ca\/wp-json\/wp\/v2\/pages"}],"about":[{"href":"https:\/\/www.cervesesponent.com\/ca\/wp-json\/wp\/v2\/types\/page"}],"author":[{"embeddable":true,"href":"https:\/\/www.cervesesponent.com\/ca\/wp-json\/wp\/v2\/users\/6"}],"replies":[{"embeddable":true,"href":"https:\/\/www.cervesesponent.com\/ca\/wp-json\/wp\/v2\/comments?post=421"}],"version-history":[{"count":4,"href":"https:\/\/www.cervesesponent.com\/ca\/wp-json\/wp\/v2\/pages\/421\/revisions"}],"predecessor-version":[{"id":425,"href":"https:\/\/www.cervesesponent.com\/ca\/wp-json\/wp\/v2\/pages\/421\/revisions\/425"}],"wp:attachment":[{"href":"https:\/\/www.cervesesponent.com\/ca\/wp-json\/wp\/v2\/media?parent=421"}],"curies":[{"name":"wp","href":"https:\/\/api.w.org\/{rel}","templated":true}]}}