{"id":416,"date":"2023-07-13T08:13:56","date_gmt":"2023-07-13T08:13:56","guid":{"rendered":"http:\/\/cervesesponent.com.s111-117.furanet.com\/?page_id=416"},"modified":"2023-07-13T08:15:01","modified_gmt":"2023-07-13T08:15:01","slug":"politica-de-privacidad","status":"publish","type":"page","link":"https:\/\/www.cervesesponent.com\/ca\/politica-de-privacidad\/","title":{"rendered":"Pol\u00edtica de privadesa"},"content":{"rendered":"<div data-elementor-type=\"wp-page\" data-elementor-id=\"416\" class=\"elementor elementor-416\" data-elementor-post-type=\"page\">\n\t\t\t\t\t\t<section class=\"elementor-section elementor-top-section elementor-element elementor-element-38a2daf8 elementor-section-boxed elementor-section-height-default elementor-section-height-default\" data-id=\"38a2daf8\" data-element_type=\"section\">\n\t\t\t\t\t\t<div class=\"elementor-container elementor-column-gap-default\">\n\t\t\t\t\t<div class=\"elementor-column elementor-col-100 elementor-top-column elementor-element elementor-element-605ad18c\" data-id=\"605ad18c\" data-element_type=\"column\">\n\t\t\t<div class=\"elementor-widget-wrap elementor-element-populated\">\n\t\t\t\t\t\t\t<\/div>\n\t\t<\/div>\n\t\t\t\t\t<\/div>\n\t\t<\/section>\n\t\t\t\t<section class=\"elementor-section elementor-top-section elementor-element elementor-element-276fba6 elementor-section-boxed elementor-section-height-default elementor-section-height-default\" data-id=\"276fba6\" data-element_type=\"section\">\n\t\t\t\t\t\t<div class=\"elementor-container elementor-column-gap-default\">\n\t\t\t\t\t<div class=\"elementor-column elementor-col-100 elementor-top-column elementor-element elementor-element-55b69cfb\" data-id=\"55b69cfb\" data-element_type=\"column\">\n\t\t\t<div class=\"elementor-widget-wrap elementor-element-populated\">\n\t\t\t\t\t\t<div class=\"elementor-element elementor-element-2127a28 de_scroll_animation_no elementor-widget elementor-widget-text-editor\" data-id=\"2127a28\" data-element_type=\"widget\" data-widget_type=\"text-editor.default\">\n\t\t\t\t<div class=\"elementor-widget-container\">\n\t\t\t\t\t\t\t\t\t<p><strong>\u00bfQui\u00e9n es el Responsable del tratamiento de sus datos personales?<\/strong><\/p><p><strong>Nombre del dominio<\/strong>: cervesesponent.com<\/p><p><strong>Denominaci\u00f3n Social<\/strong>: Cerveses Ponent SL<\/p><p><strong>Domicilio Social<\/strong>: C\/ Sant Miquel, 14 &#8211; 25739 Ser\u00f3 (Lleida)<\/p><p><strong>NIF<\/strong>: B25748716<\/p><p><strong>Tel\u00e8fon<\/strong>: 679.229.001<\/p><p><strong>Correo electr\u00f3nico<\/strong>: info@cervesesponent.com<\/p><p><strong>\u00bfCon qu\u00e9 finalidad tratamos sus datos personales?<\/strong><\/p><p>El Responsable trata sus datos personales con la finalidad de gesti\u00f3n y control de las relaciones contractuales, as\u00ed como para la actividad de publicidad o de prospecci\u00f3n comercial sobre nuestros productos y servicios.<\/p><p><strong>\u00bfPor cu\u00e1nto tiempo conservaremos sus datos?<\/strong><\/p><p>Los datos personales proporcionados se conservar\u00e1n mientras se mantenga la relaci\u00f3n comercial o durante los a\u00f1os necesarios para cumplir con las obligaciones legales.<\/p><p><strong>\u00bfCu\u00e1l es la legitimaci\u00f3n para el tratamiento de sus datos personales?<\/strong><\/p><p>La base legal para el tratamiento de sus datos es su consentimiento inequ\u00edvoco.<\/p><p><strong>\u00bfQui\u00e9nes son los destinatarios de sus datos personales?<\/strong><\/p><p>No se ceder\u00e1n datos a terceros, salvo obligaci\u00f3n legal.<\/p><p><strong>\u00bfCu\u00e1les son sus derechos cuando nos facilita sus datos?<\/strong><\/p><p>En cualquier momento, el interesado puede revocar el consentimiento para el tratamiento.<\/p><p>Cualquier persona tiene derecho a obtener confirmaci\u00f3n sobre si estamos tratando datos personales que les conciernen, o no.<\/p><p>Las personas interesadas tienen derecho a acceder a sus datos personales, as\u00ed como a solicitar la rectificaci\u00f3n de los datos inexactos o, en su caso, solicitar su supresi\u00f3n cuando, entre otros motivos, los datos ya no sean necesarios para los fines que fueron recogidos.<\/p><p>En determinadas circunstancias, los interesados podr\u00e1n solicitar la limitaci\u00f3n del tratamiento de sus datos, en cuyo caso \u00fanicamente los conservaremos para el ejercicio o la defensa de reclamaciones.<\/p><p>En determinadas circunstancias y por motivos relacionados con su situaci\u00f3n particular, los interesados podr\u00e1n oponerse al tratamiento de sus datos. Dejaremos de tratar los datos, salvo por motivos leg\u00edtimos imperiosos, o el ejercicio o la defensa de posibles reclamaciones.<\/p><p>Para ejercer cualquiera de estos derechos puede contactar con nosotros a trav\u00e9s de los medios de contacto facilitados del Responsable.<\/p><p>En cualquier momento, el interesado podr\u00e1 presentar una reclamaci\u00f3n ante la Agencia Espa\u00f1ola de Protecci\u00f3n de Datos para hacer valer sus derechos en la direcci\u00f3n de correo electr\u00f3nico dpd@agpd.es.<\/p><p>Todos los datos solicitados a trav\u00e9s del sitio web son obligatorios, ya que son necesarios para la prestaci\u00f3n de un servicio \u00f3ptimo al usuario. En caso de que no sean facilitados todos los datos, el prestador no garantiza que la informaci\u00f3n y servicios facilitados sean completamente ajustados a sus necesidades.<\/p><p>Del mismo modo, el usuario podr\u00e1 darse de baja de cualquiera de los servicios de suscripci\u00f3n facilitados haciendo clic en el apartado darse de baja de todos los correos electr\u00f3nicos remitidos por parte del prestador.<\/p><p>Del mismo modo, el prestador ha adoptado todas las medidas t\u00e9cnicas y organizativas necesarias para garantizar la seguridad e integridad de los datos de car\u00e1cter personal que trate, as\u00ed como para evitar su p\u00e9rdida, alteraci\u00f3n y\/o acceso por parte de terceros no autorizados.<\/p><p><strong>USO DE COOKIES (ver\u00a0<u>Pol\u00edtica de cookies<\/u>)<\/strong><\/p><p>Una cookie es un fichero que se descarga en su ordenador al acceder a determinadas p\u00e1ginas web. Las cookies permiten a una p\u00e1gina web, entre otras cosas, almacenar y recuperar informaci\u00f3n sobre los h\u00e1bitos de navegaci\u00f3n de un usuario o de su equipo y, dependiendo de la informaci\u00f3n que contengan y de la forma en que utilice su equipo, pueden utilizarse para reconocer al usuario.<\/p><p>Quedan exceptuadas del cumplimiento de las obligaciones establecidas en el art\u00edculo 22.2 de la Ley 34\/2002 LSSICE las cookies utilizadas para alguna de las siguientes finalidades:<\/p><ul><li>Criterio A: Permitir \u00fanicamente la comunicaci\u00f3n entre el equipo del usuario y la red.<\/li><li>Criterio B: Estrictamente prestar un servicio expresamente solicitado por el usuario.<\/li><\/ul><p>Es decir, entre las cookies exceptuadas estar\u00edan aquellas que tienen por finalidad:<\/p><ul><li>Cookies de \u00abentrada del usuario\u00bb<\/li><li>Cookies de autenticaci\u00f3n o identificaci\u00f3n de usuario (\u00fanicamente de sesi\u00f3n)<\/li><li>Cookies de seguridad del usuario<\/li><li>Cookies de sesi\u00f3n de reproductor multimedia<\/li><li>Cookies de sesi\u00f3n para equilibrar la carga<\/li><li>Cookies de personalizaci\u00f3n de la interfaz de usuario<\/li><li>Cookies de complemento (plug-in) para intercambiar contenidos sociales<\/li><\/ul><p>En el caso del Criterio B la cookie que ofrezca un servicio de la sociedad de la informaci\u00f3n tendr\u00eda que reunir las dos condiciones siguientes:<\/p><ul><li>que la cookie sea necesaria para prestar una funcionalidad espec\u00edfica al usuario (o abonado): si las cookies no funcionan, la funcionalidad no se prestar\u00e1<\/li><li>que la funcionalidad haya sido solicitada expl\u00edcitamente por el usuario (o abonado), como parte de un servicio de la sociedad de la informaci\u00f3n<\/li><\/ul><p>En el caso de que este sitio web use cookies no excluidas del \u00e1mbito de aplicaci\u00f3n de esta normativa legal utilizar\u00e1 un sistema de informaci\u00f3n en dos capas.<\/p><p>En la primera capa mostrar\u00e1 la informaci\u00f3n esencial sobre la existencia de cookies, si son propias o de terceros y las finalidades de las cookies empleadas, as\u00ed como los modos de prestar el consentimiento.<\/p><p>En la segunda capa, informar\u00eda sobre qu\u00e9 son y para qu\u00e9 se utilizan las cookies, los tipos de cookies utilizadas y su finalidad, as\u00ed como la forma de desactivar o eliminar las cookies enunciadas a trav\u00e9s de las funcionalidades facilitadas por el editor, las herramientas proporcionadas por el navegador o el terminal o a trav\u00e9s de las plataformas comunes que pudieran existir, para esta finalidad o en su caso, la forma de revocaci\u00f3n del consentimiento ya prestado. Tambi\u00e9n en esta segunda capa ofrecer\u00e1 informaci\u00f3n sobre la identificaci\u00f3n de quien utiliza las cookies, esto es, si la informaci\u00f3n obtenida por las cookies es tratada solo por el editor y\/o tambi\u00e9n por terceros. Con la identificaci\u00f3n de aquellos con los que haya contratado o cuyos servicios ha decidido integrar el editor.<\/p><p><strong>DIRECCIONES IP<\/strong><\/p><p>Los servidores del sitio web podr\u00e1n detectar de manera autom\u00e1tica la direcci\u00f3n IP y el nombre de dominio utilizados por el usuario. Una direcci\u00f3n IP es un n\u00famero asignado autom\u00e1ticamente a un ordenador cuando \u00e9ste se conecta a Internet. Toda esta informaci\u00f3n es registrada en un fichero de actividad del servidor debidamente inscrito que permite el posterior procesamiento de los datos con el fin de obtener mediciones \u00fanicamente estad\u00edsticas que permitan conocer el n\u00famero de impresiones de p\u00e1ginas, el n\u00famero de visitas realizadas a los servicios web, el orden de visitas, el punto de acceso, etc.<\/p><p><strong>SEGURIDAD<\/strong><\/p><p>El sitio web utiliza t\u00e9cnicas de seguridad de la informaci\u00f3n generalmente aceptadas en la industria, tales como firewalls, procedimientos de control de acceso y mecanismos criptogr\u00e1ficos, todo ello con el objeto de evitar el acceso no autorizado a los datos. Para lograr estos fines, el usuario\/cliente acepta que el prestador obtenga datos para efectos de la correspondiente autenticaci\u00f3n de los controles de acceso.<\/p><p>Todo proceso que conlleve la introducci\u00f3n de datos personales de car\u00e1cter alto (salud, ideolog\u00eda, \u2026) ser\u00e1n siempre transmitidos mediante protocolo de comunicaci\u00f3n segura (https:\/\/\u2026) con certificado SSL, de tal forma que ning\u00fan tercero tenga acceso a la informaci\u00f3n transmitida v\u00eda electr\u00f3nica.<\/p>\t\t\t\t\t\t\t\t<\/div>\n\t\t\t\t<\/div>\n\t\t\t\t\t<\/div>\n\t\t<\/div>\n\t\t\t\t\t<\/div>\n\t\t<\/section>\n\t\t\t\t<\/div>","protected":false},"excerpt":{"rendered":"<p>\u00bfQui\u00e9n es el Responsable del tratamiento de sus datos personales? Nombre del dominio: cervesesponent.com Denominaci\u00f3n Social: Cerveses Ponent SL Domicilio Social: C\/ Sant Miquel, 14 &#8211; 25739 Ser\u00f3 (Lleida) NIF: B25748716 Tel\u00e9fono: 679.229.001 Correo electr\u00f3nico: info@cervesesponent.com \u00bfCon qu\u00e9 finalidad tratamos sus datos personales? El Responsable trata sus datos personales con la finalidad de gesti\u00f3n y&hellip;&nbsp;<a href=\"https:\/\/www.cervesesponent.com\/ca\/politica-de-privacidad\/\" rel=\"bookmark\">Llegiu m\u00e9s &raquo;<span class=\"screen-reader-text\">Pol\u00edtica de privadesa<\/span><\/a><\/p>","protected":false},"author":6,"featured_media":0,"parent":0,"menu_order":0,"comment_status":"closed","ping_status":"closed","template":"page-templates\/template-pagebuilder-full-width.php","meta":{"neve_meta_sidebar":"","neve_meta_container":"","neve_meta_enable_content_width":"off","neve_meta_content_width":100,"neve_meta_title_alignment":"","neve_meta_author_avatar":"","neve_post_elements_order":"","neve_meta_disable_header":"","neve_meta_disable_footer":"","neve_meta_disable_title":"","footnotes":""},"class_list":["post-416","page","type-page","status-publish","hentry"],"aioseo_notices":[],"_links":{"self":[{"href":"https:\/\/www.cervesesponent.com\/ca\/wp-json\/wp\/v2\/pages\/416","targetHints":{"allow":["GET"]}}],"collection":[{"href":"https:\/\/www.cervesesponent.com\/ca\/wp-json\/wp\/v2\/pages"}],"about":[{"href":"https:\/\/www.cervesesponent.com\/ca\/wp-json\/wp\/v2\/types\/page"}],"author":[{"embeddable":true,"href":"https:\/\/www.cervesesponent.com\/ca\/wp-json\/wp\/v2\/users\/6"}],"replies":[{"embeddable":true,"href":"https:\/\/www.cervesesponent.com\/ca\/wp-json\/wp\/v2\/comments?post=416"}],"version-history":[{"count":4,"href":"https:\/\/www.cervesesponent.com\/ca\/wp-json\/wp\/v2\/pages\/416\/revisions"}],"predecessor-version":[{"id":420,"href":"https:\/\/www.cervesesponent.com\/ca\/wp-json\/wp\/v2\/pages\/416\/revisions\/420"}],"wp:attachment":[{"href":"https:\/\/www.cervesesponent.com\/ca\/wp-json\/wp\/v2\/media?parent=416"}],"curies":[{"name":"wp","href":"https:\/\/api.w.org\/{rel}","templated":true}]}}